{"id":4189,"date":"2021-06-01T14:00:58","date_gmt":"2021-06-01T12:00:58","guid":{"rendered":"https:\/\/www.lenordguadeloupe.com\/?page_id=4189"},"modified":"2022-02-20T06:48:55","modified_gmt":"2022-02-20T10:48:55","slug":"legal-notice","status":"publish","type":"page","link":"https:\/\/www.lenordguadeloupe.com\/en\/legal-notice\/","title":{"rendered":"Legal notice (in french)"},"content":{"rendered":"\n\n\n<p class=\"wp-block-paragraph\">www.lenordguadeloupe.com<\/p>\n\n\n\n<p class=\"wp-block-paragraph\">Ce site n'est pas exhaustif, il regroupe l'ensemble des partenaires de l'Office de Tourisme du nord Grande Terre&nbsp;<\/p>\n\n\n\n<h3 class=\"wp-block-heading\" id=\"editeur-du-site\">\u00c9diteur du site<\/h3>\n\n\n\n<p class=\"wp-block-paragraph\">Office de Tourisme du Nord Grande Terre - LE NORD GUADELOUPE<br>Association Loi 1901 Siret : 844 508 804 00011<br>2 Vall\u00e9e de Roujol, 97131 Petit Canal<\/p>\n\n\n\n<p class=\"wp-block-paragraph\">T\u00e9l : 05 90 22 33 87<br>Courriel : <a href=\"mailto:contact@lenordguadeloupe.com\">contact@lenordguadeloupe.com<\/a><br>Directeur de publication : Aur\u00e9lien ANZALA Directeur de l'Office de Tourisme du Nord Grande Terre<\/p>\n\n\n\n<p class=\"wp-block-paragraph\"><\/p>\n\n\n\n<p class=\"wp-block-paragraph\"><\/p>\n\n\n\n<h3 class=\"wp-block-heading\" id=\"conception-graphique\">Conception graphique<\/h3>\n\n\n\n<p class=\"wp-block-paragraph\">Proximit Digital<br>ZA du moulin Cheyroux<br>87700 Aixe sur Vienne<br><a href=\"https:\/\/www.proximit-digital.fr\/\" target=\"_blank\" rel=\"noreferrer noopener nofollow\">www.proximit-digital.fr<\/a><\/p>\n\n\n\n<p class=\"wp-block-paragraph\">Office de Tourisme Le Nord Guadeloupe - Aur\u00e9lien ANZALA.<\/p>\n\n\n\n<h3 class=\"wp-block-heading\" id=\"developpement-et-hebergement\">&nbsp;D\u00e9veloppement et h\u00e9bergement<\/h3>\n\n\n\n<p class=\"wp-block-paragraph\">Proximit Digital &amp; Proximit IT Services<br>ZA du moulin Cheyroux<br>87700 Aixe sur Vienne<br><a href=\"https:\/\/www.proximit-digital.fr\/\" target=\"_blank\" rel=\"noreferrer noopener nofollow\">www.proximit-digital.fr<\/a> - <a href=\"https:\/\/www.proximit-itservices.fr\/\" target=\"_blank\" rel=\"noreferrer noopener nofollow\">www.proximit-itservices.fr<\/a><\/p>\n\n\n\n<h3 class=\"wp-block-heading\" id=\"droits-de-reproduction\">Droits de reproduction<\/h3>\n\n\n\n<p class=\"wp-block-paragraph\">La copie de pages du site est interdite sauf autorisation expresse de la part de l'\u00e9diteur.<\/p>\n\n\n\n<h3 class=\"wp-block-heading\" id=\"credit-photos\">Cr\u00e9dit photos<\/h3>\n\n\n\n<p class=\"wp-block-paragraph\">Les photos et autres illustrations font l'objet de droits r\u00e9serv\u00e9s.<br>Photos :<br>Office de Tourisme du Nord Grande Terre<\/p>\n\n\n\n<p class=\"wp-block-paragraph\">Photographes: Jerome Nadessin, St\u00e9phane Viellot, Matthias Pardo<br><br>Merci \u00e0 l'ensemble des partenaires pour leurs photos.<\/p>\n\n\n\n<h3 class=\"wp-block-heading\" id=\"objectif-et-qualite-des-contenus\">Objectif et qualit\u00e9 des contenus<\/h3>\n\n\n\n<p class=\"wp-block-paragraph\">Ce site a pour objectif d\u2019informer les professionnels, entreprises, associations, services publics de l\u2019activit\u00e9 de l\u2019Office de Tourisme Le nord Guadeloupe, de son offre de service, de ses solutions et ses accompagnements. L\u2019Office de Tourisme Le Nord Guadeloupe s\u2019efforce de fournir une information de qualit\u00e9 et v\u00e9rifi\u00e9e, toutefois si une information semble inexacte ou contient une erreur typographique, vous pouvez le signaler \u00e0&nbsp;: <a href=\"mailto:contact@lenordguadeloupe.com\">contact@lenordguadeloupe.com<\/a><\/p>\n\n\n\n<h3 class=\"wp-block-heading\" id=\"confidentialite-loi-informatique-et-libertes\">Confidentialit\u00e9 - Loi Informatique et Libert\u00e9s<\/h3>\n\n\n\n<p class=\"wp-block-paragraph\">Soucieux de pr\u00e9server votre intimit\u00e9, nous nous engageons express\u00e9ment \u00e0 ne pas divulguer \u00e0 des tiers les informations que vous nous communiquez dans le cadre de ce site internet.<br>Conform\u00e9ment \u00e0 la loi fran\u00e7aise (article 27 de la loi n\u00b0 78.17 du 06\/01\/1978 relative \u00e0 l'informatique, aux fichiers et aux libert\u00e9s) vous disposez d'un droit d'acc\u00e8s, de modification, de rectification et de suppression des donn\u00e9es personnelles conserv\u00e9es. Pour l'exercer, contactez-nous par courrier \u00e0 l'adresse ci-dessus.<\/p>\n\n\n\n<h3 class=\"wp-block-heading\" id=\"absence-de-garantie\">Absence de garantie<\/h3>\n\n\n\n<p class=\"wp-block-paragraph\">Nous mettons en place tous les moyens n\u00e9cessaires pour vous apporter une information fiable et actualis\u00e9e. Cependant, malgr\u00e9 le soin que nous apportons \u00e0 la mise \u00e0 jour de ce site, des erreurs ou omissions peuvent \u00eatre pr\u00e9sentes. En cons\u00e9quence, l'\u00e9diteur ne peut \u00eatre tenu responsable. Nous ne garantissons pas le contenu des sites Internet vers lesquels nous pointons.<\/p>\n\n\n\n<h3 class=\"wp-block-heading\" id=\"responsabilite-et-utilisation-de-la-marque-le-nord-guadeloupe\">Responsabilit\u00e9 et utilisation de la Marque Le Nord Guadeloupe.<\/h3>\n\n\n\n<p class=\"wp-block-paragraph\">En application de la loi du 11 mars 1957 (art. 41) et du code de la propri\u00e9t\u00e9 intellectuelle du 1er juillet 1992, toute reproduction partielle ou totale \u00e0 usage collectif est strictement interdite sans autorisation de l\u2019Office de Tourisme Le Nord Guadeloupe .<\/p>\n\n\n\n<p class=\"wp-block-paragraph\">Les marques verbales et visuelles (logos) \u00ab&nbsp;<strong><u>Le Nord Guadeloupe&nbsp;\u00bb<\/u><\/strong> sont prot\u00e9g\u00e9es.<\/p>\n\n\n\n<p class=\"wp-block-paragraph\">Leur utilisation sans autorisation \u00e9crite de L\u2019Office Le Nord Guadeloupe, sur tout support, \u00e0 des fins de valorisation de produits ou de services autres que ceux propos\u00e9s par l\u2019Office Le Nord Guadeloupe, notamment \u00e0 des fins commerciales, est interdite sous peine de poursuites.<\/p>\n\n\n\n<p class=\"wp-block-paragraph\">Pour toute autre r\u00e9utilisation, vous pouvez nous contacter \u00e0 <a href=\"mailto:contact@lenordguadeloupe.com\">contact@lenordguadeloupe.com<\/a><\/p>\n\n\n\n<p class=\"wp-block-paragraph\">L'internaute reconna\u00eet que l'utilisation du pr\u00e9sent site est r\u00e9gie par le droit fran\u00e7ais. Mention relative \u00e0 la rectification et \u00e0 la suppression des donn\u00e9es nominatives. En application de la Loi n\u00b0 78-17 du 6 janvier 1978 relative \u00e0 l'Informatique, aux Fichiers et aux Libert\u00e9s, vous disposez des droits d'opposition (art. 26 de la loi), d'acc\u00e8s (art.34 \u00e0 38 de la loi) et de rectification (art. 36 de la loi) des donn\u00e9es vous concernant. Ainsi, vous pouvez exiger que soient rectifi\u00e9es, compl\u00e9t\u00e9es, mises \u00e0 jour ou effac\u00e9es les informations vous concernant qui sont inexactes, incompl\u00e8tes, \u00e9quivoques, p\u00e9rim\u00e9es ou dont la collecte ou l'utilisation, la communication ou la conservation est interdite.<\/p>\n\n\n\n<hr class=\"wp-block-separator\"\/>\n\n\n\n<h3 class=\"wp-block-heading\" id=\"reutilisation-des-contenus\">R\u00e9utilisation des contenus&nbsp;:<\/h3>\n\n\n\n<p class=\"wp-block-paragraph\">Sauf mention contraire, la r\u00e9utilisation des contenus&nbsp;de&nbsp;<a href=\"https:\/\/www.lenordguadeloupe.com\">www.lenordguadeloupe.com<\/a> est soumise \u00e0 autorisation explicite de la soci\u00e9t\u00e9 exemple.<\/p>\n\n\n\n<h3 class=\"wp-block-heading\" id=\"faire-valoir-vos-droits\">Faire valoir vos droits&nbsp;:&nbsp;<\/h3>\n\n\n\n<p class=\"wp-block-paragraph\">Pour toute information ou exercice de vos droits Informatique et Libert\u00e9s sur les traitements de donn\u00e9es personnelles g\u00e9r\u00e9s par ce site Soci\u00e9t\u00e9-exemple, vous pouvez contacter son d\u00e9l\u00e9gu\u00e9 \u00e0 la protection des donn\u00e9es (DPO) :<\/p>\n\n\n\n<ul class=\"wp-block-list\" value=\"<li class=&quot;wp-block-list-item&quot;&gt;par ce formulaire : https:\/\/lenordguadeloupe.com\/contactez-nous en stipulant dans le message \u00ab&nbsp;CONTACT DPO LE Nord Guadeloupe&nbsp;\u00bb<\/li&gt;<li class=&quot;wp-block-list-item&quot;&gt;par mail&nbsp;: contact@lenordguadeloupe.com <strong&gt;accompagn\u00e9 de la copie d\u2019un titre d\u2019identit\u00e9<\/strong&gt;<\/li&gt;<li class=&quot;wp-block-list-item&quot;&gt;ou par courrier sign\u00e9 <strong&gt;accompagn\u00e9 de la copie d\u2019un titre d\u2019identit\u00e9<\/strong&gt; \u00e0 l'adresse suivante :<\/li&gt;<li class=&quot;wp-block-list-item&quot;&gt;OTI NGT 2 Vall\u00e9e de Roujol 97131 Petit Canal<\/li&gt;<li class=&quot;wp-block-list-item&quot;&gt;A l'attention du d\u00e9l\u00e9gu\u00e9 \u00e0 la protection des donn\u00e9es (DPO)<\/li&gt;\"><li>par ce formulaire : https:\/\/lenordguadeloupe.com\/contactez-nous en stipulant dans le message \u00ab&nbsp;CONTACT DPO LE Nord Guadeloupe&nbsp;\u00bb<\/li><li>par mail&nbsp;: contact@lenordguadeloupe.com <strong>accompagn\u00e9 de la copie d\u2019un titre d\u2019identit\u00e9<\/strong><\/li><li>ou par courrier sign\u00e9 <strong>accompagn\u00e9 de la copie d\u2019un titre d\u2019identit\u00e9<\/strong> \u00e0 l'adresse suivante :<\/li><li>OTI NGT 2 Vall\u00e9e de Roujol 97131 Petit Canal<\/li><li>A l'attention du d\u00e9l\u00e9gu\u00e9 \u00e0 la protection des donn\u00e9es (DPO)<\/li><\/ul>\n\n\n\n<p class=\"wp-block-paragraph\">Nous avons mis \u00e0 votre disposition un gestionnaire de contact. Sa finalit\u00e9 est de vous permettre de nous contacter mais il est source d\u2019utilisation de donn\u00e9es personnelle&nbsp;: Nom, Pr\u00e9nom, t\u00e9l\u00e9phone et un champs \u00ab&nbsp;message&nbsp;\u00bb vous permettant de donner librement l\u2019objet de votre demande.<\/p>\n\n\n\n<p class=\"wp-block-paragraph\">Les destinataires de ce message sont exclusivement le Directeur et Conseiller en s\u00e9jour de l\u2019Office de tourisme. En cas de besoin pour contacter exclusivement une seule personne, vous pouvez limiter votre demande \u00e0 \u00eatre recontacter par une personne d\u00e9sign\u00e9e et en cas d\u2019urgence contacter notre accueil au 0590 22 33 87 qui prendra en compte votre demande et vous orientera sur la bonne personne.<\/p>\n\n\n\n<p class=\"wp-block-paragraph\">Dans le cadre des obligations du R\u00e8glement Europ\u00e9en sur la Gestion des <strong>donn\u00e9es<\/strong> personnelles \"<strong>RGPD<\/strong>\" la dur\u00e9e de conservation des mails avec donn\u00e9es \u00e0 caract\u00e8re personnelle, transmis via notre site est de : <strong><u>36 mois<\/u><\/strong> (3 ans) : Au-del\u00e0 de cette p\u00e9riode les donn\u00e9es sont supprim\u00e9es. Pour ce faire, tout mail enregistr\u00e9 via ce formulaire est trac\u00e9 avec une date d\u2019\u00e9ch\u00e9ance (rappel 30 jours avant la date d\u2019\u00e9ch\u00e9ance et 1 jour avant pour s\u2019assurer de sa bonne suppression).<\/p>\n\n\n\n<h3 class=\"wp-block-heading\" id=\"mentions-relatives-a-l-utilisation-de-cookies\">Mentions relatives \u00e0 l'utilisation de cookies&nbsp;:<\/h3>\n\n\n\n<p class=\"wp-block-paragraph\">Un cookie est un petit fichier informatique, un traceur. Il permet d'analyser le comportement des usagers lors de la visite d'un site internet, de la lecture d'un courrier \u00e9lectronique, de l'installation ou de l'utilisation d'un logiciel ou d'une application mobile.<\/p>\n\n\n\n<p class=\"wp-block-paragraph\"><strong>Cookies sur nos sites&nbsp;:<\/strong><\/p>\n\n\n\n<p class=\"wp-block-paragraph\"><strong>Nos sites utilisent Google Analytics pour analyser leur trafic.<\/strong><br>Pour en savoir plus sur la mani\u00e8re dont Google Analytics collecte les informations de votre navigation : <a href=\"https:\/\/policies.google.com\/technologies\/partner-sites?hl=fr\" target=\"_blank\" rel=\"noreferrer noopener\">https:\/\/policies.google.com\/technologies\/partner-sites?hl=fr<\/a><br><strong>Vous pouvez d\u00e9sactiver Google Analytics <\/strong>si vous ne souhaitez pas qu'il soit utilis\u00e9 pour votre navigation : <a href=\"https:\/\/tools.google.com\/dlpage\/gaoptout\/\" target=\"_blank\" rel=\"noreferrer noopener\">https:\/\/tools.google.com\/dlpage\/gaoptout\/<\/a><\/p>\n\n\n\n<h3 class=\"wp-block-heading\" id=\"blocage-des-cookies\">Blocage des Cookies<\/h3>\n\n\n\n<p class=\"wp-block-paragraph\">Les cookies enregistr\u00e9s sur votre ordinateur peuvent \u00eatre supprim\u00e9s, vous pouvez \u00e9galement param\u00e9trer votre navigateur pour refuser certains cookies.<br>Les liens suivants vous montrent comment param\u00e9trer et supprimer les cookies selon le navigateur que vous utilisez :<br><br>Internet Explorer :<br><a href=\"http:\/\/windows.microsoft.com\/fr-FR\/windows-vista\/Block-or-allow-cookies\" target=\"_blank\" rel=\"noreferrer noopener\">http:\/\/windows.microsoft.com\/fr-FR\/windows-vista\/Block-or-allow-cookies<\/a><br><br>Firefox :<br><a href=\"http:\/\/support.mozilla.org\/fr\/kb\/activer-desactiver-cookies\" target=\"_blank\" rel=\"noreferrer noopener\">http:\/\/support.mozilla.org\/fr\/kb\/activer-desactiver-cookies<\/a><br><br>Safari :<br><a href=\"http:\/\/support.apple.com\/kb\/index?page=search&amp;fac=all&amp;q=cookies%20safari\" target=\"_blank\" rel=\"noreferrer noopener\">http:\/\/support.apple.com\/kb\/index?page=search&amp;fac=all&amp;q=cookies%20safari<\/a><br><br>Chrome :<br><a href=\"https:\/\/support.google.com\/chrome\/answer\/95647?hl=fr\" target=\"_blank\" rel=\"noreferrer noopener\">https:\/\/support.google.com\/chrome\/answer\/95647?hl=fr<\/a><br><br>Op\u00e9ra :<br><a href=\"http:\/\/help.opera.com\/Windows\/10.20\/fr\/cookies.html\" target=\"_blank\" rel=\"noreferrer noopener\">http:\/\/help.opera.com\/Windows\/10.20\/fr\/cookies.html<\/a><br><br>Pour plus d'informations vous pouvez consulter le site de la CNIL \u00e0 l'adresse suivante :<br><a href=\"http:\/\/www.cnil.fr\/vos-droits\/vos-traces\/les-cookies\" target=\"_blank\" rel=\"noreferrer noopener\">http:\/\/www.cnil.fr\/vos-droits\/vos-traces\/les-cookies\/<\/a><\/p>\n\n\n\n<p class=\"wp-block-paragraph\">Vos droits sur les donn\u00e9es vous concernant&nbsp;:<\/p>\n\n\n\n<h3 class=\"wp-block-heading\" id=\"exercer-ses-droits\"><strong>Exercer ses droits<\/strong><\/h3>\n\n\n\n<p class=\"wp-block-paragraph\">Le d\u00e9l\u00e9gu\u00e9 \u00e0 la protection des donn\u00e9es (DPO) de l\u2019Office Le Nord Guadeloupe est votre interlocuteur pour l'exercice de vos droits. <a href=\"mailto:contact@lenordguadeloupe.com\">contact@lenordguadeloupe.com<\/a> Objet DPO<\/p>\n\n\n\n<h3 class=\"wp-block-heading\" id=\"reclamation-plainte-aupres-de-la-cnil\"><strong>R\u00e9clamation (plainte) aupr\u00e8s de la CNIL<\/strong><\/h3>\n\n\n\n<p class=\"wp-block-paragraph\">Si vous estimez, apr\u00e8s nous avoir contact\u00e9s, que vos droits sur vos donn\u00e9es ne sont pas respect\u00e9s, vous pouvez <a href=\"https:\/\/www.cnil.fr\/fr\/webform\/adresser-une-plainte\" target=\"_blank\" rel=\"noreferrer noopener\">adresser une r\u00e9clamation (plainte) \u00e0 la CNIL.<\/a><\/p>\n\n\n\n<p class=\"wp-block-paragraph\">Vos droits informatique et libert\u00e9s : <a href=\"https:\/\/www.cnil.fr\/fr\/les-droits-pour-maitriser-vos-donnees-personnelles\" target=\"_blank\" rel=\"noreferrer noopener\">https:\/\/www.cnil.fr\/fr\/les-droits-pour-maitriser-vos-donnees-personnelles<\/a><br><br>Page \"donn\u00e9es personnelles\" sur le site de la CNIL : <a href=\"https:\/\/www.cnil.fr\/fr\/donnees-personnelles\" target=\"_blank\" rel=\"noreferrer noopener\">https:\/\/www.cnil.fr\/fr\/donnees-personnelles<\/a><\/p>\n","protected":false},"excerpt":{"rendered":"www.lenordguadeloupe.com Ce site n&#8217;est pas exhaustif, il regroupe l&#8217;ensemble des partenaires de l&#8217;Office de Tourisme du nord Grande Terre&nbsp; \u00c9diteur du site Office de Tourisme du Nord Grande Terre &#8211; LE NORD GUADELOUPEAssociation Loi 1901 Siret : 844 508 804 000112 Vall\u00e9e de Roujol, 97131 Petit Canal T\u00e9l : 05 90 22 33 87Courriel : [&hellip;]","protected":false},"author":1,"featured_media":4546,"parent":0,"menu_order":0,"comment_status":"closed","ping_status":"closed","template":"","meta":{"_acf_changed":false,"episode_type":"","audio_file":"","cover_image":"","cover_image_id":"","duration":"","filesize":"","filesize_raw":"","date_recorded":"","explicit":"","block":"","itunes_episode_number":"","itunes_title":"","itunes_season_number":"","itunes_episode_type":"","footnotes":""},"class_list":["post-4189","page","type-page","status-publish","has-post-thumbnail","hentry"],"acf":[],"yoast_head":"<!-- This site is optimized with the Yoast SEO plugin v27.2 - https:\/\/yoast.com\/product\/yoast-seo-wordpress\/ -->\n<title>Legal notice (in french) - OT Nord Grande-Terre Guadeloupe<\/title>\n<meta name=\"robots\" content=\"index, follow, max-snippet:-1, max-image-preview:large, max-video-preview:-1\" \/>\n<link rel=\"canonical\" href=\"https:\/\/www.lenordguadeloupe.com\/en\/legal-notice\/\" \/>\n<meta property=\"og:locale\" content=\"en_US\" \/>\n<meta property=\"og:type\" content=\"article\" \/>\n<meta property=\"og:title\" content=\"Legal notice (in french) - OT Nord Grande-Terre Guadeloupe\" \/>\n<meta property=\"og:description\" content=\"www.lenordguadeloupe.com Ce site n&#039;est pas exhaustif, il regroupe l&#039;ensemble des partenaires de l&#039;Office de Tourisme du nord Grande Terre&nbsp; \u00c9diteur du site Office de Tourisme du Nord Grande Terre - LE NORD GUADELOUPEAssociation Loi 1901 Siret : 844 508 804 000112 Vall\u00e9e de Roujol, 97131 Petit Canal T\u00e9l : 05 90 22 33 87Courriel : [&hellip;]\" \/>\n<meta property=\"og:url\" content=\"https:\/\/www.lenordguadeloupe.com\/en\/legal-notice\/\" \/>\n<meta property=\"og:site_name\" content=\"OT Nord Grande-Terre Guadeloupe\" \/>\n<meta property=\"article:publisher\" content=\"https:\/\/www.facebook.com\/LeNordGuadeloupe\/\" \/>\n<meta property=\"article:modified_time\" content=\"2022-02-20T10:48:55+00:00\" \/>\n<meta property=\"og:image\" content=\"https:\/\/www.lenordguadeloupe.com\/wp-content\/uploads\/2021\/06\/evadez-vous-scaled.jpg\" \/>\n\t<meta property=\"og:image:width\" content=\"2560\" \/>\n\t<meta property=\"og:image:height\" content=\"1438\" \/>\n\t<meta property=\"og:image:type\" content=\"image\/jpeg\" \/>\n<meta name=\"twitter:card\" content=\"summary_large_image\" \/>\n<meta name=\"twitter:label1\" content=\"Est. reading time\" \/>\n\t<meta name=\"twitter:data1\" content=\"6 minutes\" \/>\n<script type=\"application\/ld+json\" class=\"yoast-schema-graph\">{\"@context\":\"https:\/\/schema.org\",\"@graph\":[{\"@type\":\"WebPage\",\"@id\":\"https:\/\/www.lenordguadeloupe.com\/en\/legal-notice\/\",\"url\":\"https:\/\/www.lenordguadeloupe.com\/en\/legal-notice\/\",\"name\":\"Legal notice (in french) - OT Nord Grande-Terre Guadeloupe\",\"isPartOf\":{\"@id\":\"https:\/\/www.lenordguadeloupe.com\/en\/#website\"},\"primaryImageOfPage\":{\"@id\":\"https:\/\/www.lenordguadeloupe.com\/en\/legal-notice\/#primaryimage\"},\"image\":{\"@id\":\"https:\/\/www.lenordguadeloupe.com\/en\/legal-notice\/#primaryimage\"},\"thumbnailUrl\":\"https:\/\/www.lenordguadeloupe.com\/wp-content\/uploads\/2021\/06\/evadez-vous.jpg\",\"datePublished\":\"2021-06-01T12:00:58+00:00\",\"dateModified\":\"2022-02-20T10:48:55+00:00\",\"breadcrumb\":{\"@id\":\"https:\/\/www.lenordguadeloupe.com\/en\/legal-notice\/#breadcrumb\"},\"inLanguage\":\"en-US\",\"potentialAction\":[{\"@type\":\"ReadAction\",\"target\":[\"https:\/\/www.lenordguadeloupe.com\/en\/legal-notice\/\"]}]},{\"@type\":\"ImageObject\",\"inLanguage\":\"en-US\",\"@id\":\"https:\/\/www.lenordguadeloupe.com\/en\/legal-notice\/#primaryimage\",\"url\":\"https:\/\/www.lenordguadeloupe.com\/wp-content\/uploads\/2021\/06\/evadez-vous.jpg\",\"contentUrl\":\"https:\/\/www.lenordguadeloupe.com\/wp-content\/uploads\/2021\/06\/evadez-vous.jpg\",\"width\":2560,\"height\":1438},{\"@type\":\"BreadcrumbList\",\"@id\":\"https:\/\/www.lenordguadeloupe.com\/en\/legal-notice\/#breadcrumb\",\"itemListElement\":[{\"@type\":\"ListItem\",\"position\":1,\"name\":\"Home\",\"item\":\"https:\/\/www.lenordguadeloupe.com\/en\/\"},{\"@type\":\"ListItem\",\"position\":2,\"name\":\"Legal notice (in french)\"}]},{\"@type\":\"WebSite\",\"@id\":\"https:\/\/www.lenordguadeloupe.com\/en\/#website\",\"url\":\"https:\/\/www.lenordguadeloupe.com\/en\/\",\"name\":\"OT Nord Grande-Terre Guadeloupe\",\"description\":\"\",\"publisher\":{\"@id\":\"https:\/\/www.lenordguadeloupe.com\/en\/#organization\"},\"potentialAction\":[{\"@type\":\"SearchAction\",\"target\":{\"@type\":\"EntryPoint\",\"urlTemplate\":\"https:\/\/www.lenordguadeloupe.com\/en\/?s={search_term_string}\"},\"query-input\":{\"@type\":\"PropertyValueSpecification\",\"valueRequired\":true,\"valueName\":\"search_term_string\"}}],\"inLanguage\":\"en-US\"},{\"@type\":\"Organization\",\"@id\":\"https:\/\/www.lenordguadeloupe.com\/en\/#organization\",\"name\":\"OT Nord Grande-Terre Guadeloupe\",\"url\":\"https:\/\/www.lenordguadeloupe.com\/en\/\",\"logo\":{\"@type\":\"ImageObject\",\"inLanguage\":\"en-US\",\"@id\":\"https:\/\/www.lenordguadeloupe.com\/en\/#\/schema\/logo\/image\/\",\"url\":\"https:\/\/www.lenordguadeloupe.com\/wp-content\/uploads\/2021\/04\/nord-guadeloupe-logo.svg\",\"contentUrl\":\"https:\/\/www.lenordguadeloupe.com\/wp-content\/uploads\/2021\/04\/nord-guadeloupe-logo.svg\",\"width\":1,\"height\":1,\"caption\":\"OT Nord Grande-Terre Guadeloupe\"},\"image\":{\"@id\":\"https:\/\/www.lenordguadeloupe.com\/en\/#\/schema\/logo\/image\/\"},\"sameAs\":[\"https:\/\/www.facebook.com\/LeNordGuadeloupe\/\",\"https:\/\/www.instagram.com\/lenordguadeloupe\/\",\"https:\/\/www.tiktok.com\/@le.nord.guadeloupe\"]}]}<\/script>\n<!-- \/ Yoast SEO plugin. -->","yoast_head_json":{"title":"Legal notice (in french) - OT Nord Grande-Terre Guadeloupe","robots":{"index":"index","follow":"follow","max-snippet":"max-snippet:-1","max-image-preview":"max-image-preview:large","max-video-preview":"max-video-preview:-1"},"canonical":"https:\/\/www.lenordguadeloupe.com\/en\/legal-notice\/","og_locale":"en_US","og_type":"article","og_title":"Legal notice (in french) - OT Nord Grande-Terre Guadeloupe","og_description":"www.lenordguadeloupe.com Ce site n'est pas exhaustif, il regroupe l'ensemble des partenaires de l'Office de Tourisme du nord Grande Terre&nbsp; \u00c9diteur du site Office de Tourisme du Nord Grande Terre - LE NORD GUADELOUPEAssociation Loi 1901 Siret : 844 508 804 000112 Vall\u00e9e de Roujol, 97131 Petit Canal T\u00e9l : 05 90 22 33 87Courriel : [&hellip;]","og_url":"https:\/\/www.lenordguadeloupe.com\/en\/legal-notice\/","og_site_name":"OT Nord Grande-Terre Guadeloupe","article_publisher":"https:\/\/www.facebook.com\/LeNordGuadeloupe\/","article_modified_time":"2022-02-20T10:48:55+00:00","og_image":[{"width":2560,"height":1438,"url":"https:\/\/www.lenordguadeloupe.com\/wp-content\/uploads\/2021\/06\/evadez-vous-scaled.jpg","type":"image\/jpeg"}],"twitter_card":"summary_large_image","twitter_misc":{"Est. reading time":"6 minutes"},"schema":{"@context":"https:\/\/schema.org","@graph":[{"@type":"WebPage","@id":"https:\/\/www.lenordguadeloupe.com\/en\/legal-notice\/","url":"https:\/\/www.lenordguadeloupe.com\/en\/legal-notice\/","name":"Legal notice (in french) - OT Nord Grande-Terre Guadeloupe","isPartOf":{"@id":"https:\/\/www.lenordguadeloupe.com\/en\/#website"},"primaryImageOfPage":{"@id":"https:\/\/www.lenordguadeloupe.com\/en\/legal-notice\/#primaryimage"},"image":{"@id":"https:\/\/www.lenordguadeloupe.com\/en\/legal-notice\/#primaryimage"},"thumbnailUrl":"https:\/\/www.lenordguadeloupe.com\/wp-content\/uploads\/2021\/06\/evadez-vous.jpg","datePublished":"2021-06-01T12:00:58+00:00","dateModified":"2022-02-20T10:48:55+00:00","breadcrumb":{"@id":"https:\/\/www.lenordguadeloupe.com\/en\/legal-notice\/#breadcrumb"},"inLanguage":"en-US","potentialAction":[{"@type":"ReadAction","target":["https:\/\/www.lenordguadeloupe.com\/en\/legal-notice\/"]}]},{"@type":"ImageObject","inLanguage":"en-US","@id":"https:\/\/www.lenordguadeloupe.com\/en\/legal-notice\/#primaryimage","url":"https:\/\/www.lenordguadeloupe.com\/wp-content\/uploads\/2021\/06\/evadez-vous.jpg","contentUrl":"https:\/\/www.lenordguadeloupe.com\/wp-content\/uploads\/2021\/06\/evadez-vous.jpg","width":2560,"height":1438},{"@type":"BreadcrumbList","@id":"https:\/\/www.lenordguadeloupe.com\/en\/legal-notice\/#breadcrumb","itemListElement":[{"@type":"ListItem","position":1,"name":"Home","item":"https:\/\/www.lenordguadeloupe.com\/en\/"},{"@type":"ListItem","position":2,"name":"Legal notice (in french)"}]},{"@type":"WebSite","@id":"https:\/\/www.lenordguadeloupe.com\/en\/#website","url":"https:\/\/www.lenordguadeloupe.com\/en\/","name":"OT Nord Grande-Terre Guadeloupe","description":"","publisher":{"@id":"https:\/\/www.lenordguadeloupe.com\/en\/#organization"},"potentialAction":[{"@type":"SearchAction","target":{"@type":"EntryPoint","urlTemplate":"https:\/\/www.lenordguadeloupe.com\/en\/?s={search_term_string}"},"query-input":{"@type":"PropertyValueSpecification","valueRequired":true,"valueName":"search_term_string"}}],"inLanguage":"en-US"},{"@type":"Organization","@id":"https:\/\/www.lenordguadeloupe.com\/en\/#organization","name":"OT Nord Grande-Terre Guadeloupe","url":"https:\/\/www.lenordguadeloupe.com\/en\/","logo":{"@type":"ImageObject","inLanguage":"en-US","@id":"https:\/\/www.lenordguadeloupe.com\/en\/#\/schema\/logo\/image\/","url":"https:\/\/www.lenordguadeloupe.com\/wp-content\/uploads\/2021\/04\/nord-guadeloupe-logo.svg","contentUrl":"https:\/\/www.lenordguadeloupe.com\/wp-content\/uploads\/2021\/04\/nord-guadeloupe-logo.svg","width":1,"height":1,"caption":"OT Nord Grande-Terre Guadeloupe"},"image":{"@id":"https:\/\/www.lenordguadeloupe.com\/en\/#\/schema\/logo\/image\/"},"sameAs":["https:\/\/www.facebook.com\/LeNordGuadeloupe\/","https:\/\/www.instagram.com\/lenordguadeloupe\/","https:\/\/www.tiktok.com\/@le.nord.guadeloupe"]}]}},"_links":{"self":[{"href":"https:\/\/www.lenordguadeloupe.com\/en\/wp-json\/wp\/v2\/pages\/4189","targetHints":{"allow":["GET"]}}],"collection":[{"href":"https:\/\/www.lenordguadeloupe.com\/en\/wp-json\/wp\/v2\/pages"}],"about":[{"href":"https:\/\/www.lenordguadeloupe.com\/en\/wp-json\/wp\/v2\/types\/page"}],"author":[{"embeddable":true,"href":"https:\/\/www.lenordguadeloupe.com\/en\/wp-json\/wp\/v2\/users\/1"}],"replies":[{"embeddable":true,"href":"https:\/\/www.lenordguadeloupe.com\/en\/wp-json\/wp\/v2\/comments?post=4189"}],"version-history":[{"count":3,"href":"https:\/\/www.lenordguadeloupe.com\/en\/wp-json\/wp\/v2\/pages\/4189\/revisions"}],"predecessor-version":[{"id":5357,"href":"https:\/\/www.lenordguadeloupe.com\/en\/wp-json\/wp\/v2\/pages\/4189\/revisions\/5357"}],"wp:featuredmedia":[{"embeddable":true,"href":"https:\/\/www.lenordguadeloupe.com\/en\/wp-json\/wp\/v2\/media\/4546"}],"wp:attachment":[{"href":"https:\/\/www.lenordguadeloupe.com\/en\/wp-json\/wp\/v2\/media?parent=4189"}],"curies":[{"name":"wp","href":"https:\/\/api.w.org\/{rel}","templated":true}]}}