{"id":81,"date":"2020-11-09T10:41:47","date_gmt":"2020-11-09T09:41:47","guid":{"rendered":"https:\/\/www.lenordguadeloupe.com\/?page_id=81"},"modified":"2022-02-20T06:50:18","modified_gmt":"2022-02-20T10:50:18","slug":"privacy-policy","status":"publish","type":"page","link":"https:\/\/www.lenordguadeloupe.com\/en\/privacy-policy\/","title":{"rendered":"Privacy Policy (in french)"},"content":{"rendered":"\n<p class=\"wp-block-paragraph\">Gestion du site <a href=\"https:\/\/www.lenordguadeloupe.com\">https:\/\/www.lenordguadeloupe.com<\/a> de l\u2019Office de Tourisme Intercommunal du Nord Grande Terre. Le Nord Guadeloupe. &nbsp;<\/p>\n\n\n\n<h3 class=\"wp-block-heading\" id=\"donnees-traitees\">Donn\u00e9es trait\u00e9es<\/h3>\n\n\n\n<h4 class=\"wp-block-heading\" id=\"categories-de-donnees-traitees\"><strong>Cat\u00e9gories de donn\u00e9es trait\u00e9es<\/strong><\/h4>\n\n\n\n<p class=\"wp-block-paragraph\">Donn\u00e9es visibles sur le site <a href=\"https:\/\/www.lenordguadeloupe.com\">https:\/\/www.lenordguadeloupe.com<\/a> &nbsp;:<\/p>\n\n\n\n<ul class=\"wp-block-list\" value=\"<li class=&quot;wp-block-list-item&quot;&gt;Nom et pr\u00e9nom via le formulaire de contact;<\/li&gt;<li class=&quot;wp-block-list-item&quot;&gt;Message associ\u00e9 \u00e0 notre formulaire de contact;<\/li&gt;<li class=&quot;wp-block-list-item&quot;&gt;Publications;<\/li&gt;<li class=&quot;wp-block-list-item&quot;&gt;Messages \u00e9chang\u00e9s suite au d\u00e9p\u00f4t de votre demande sur le formulaire de contact;<\/li&gt;<li class=&quot;wp-block-list-item&quot;&gt;Donn\u00e9es d\u2019utilisation de la plateforme pour la production de statistiques anonymes.<\/li&gt;\"><li>Nom et pr\u00e9nom via le formulaire de contact;<\/li><li>Message associ\u00e9 \u00e0 notre formulaire de contact;<\/li><li>Publications;<\/li><li>Messages \u00e9chang\u00e9s suite au d\u00e9p\u00f4t de votre demande sur le formulaire de contact;<\/li><li>Donn\u00e9es d\u2019utilisation de la plateforme pour la production de statistiques anonymes.<\/li><\/ul>\n\n\n\n<h4 class=\"wp-block-heading\" id=\"source-des-donnees\"><strong>Source des donn\u00e9es<\/strong><\/h4>\n\n\n\n<ul class=\"wp-block-list\" value=\"<li class=&quot;wp-block-list-item&quot;&gt;Visiteur du site (internaute)<\/li&gt;\"><li>Visiteur du site (internaute)<\/li><\/ul>\n\n\n\n<h4 class=\"wp-block-heading\" id=\"caractere-obligatoire-du-recueil-des-donnees\"><strong>Caract\u00e8re obligatoire du recueil des donn\u00e9es<\/strong><\/h4>\n\n\n\n<p class=\"wp-block-paragraph\">Le recueil des donn\u00e9es r\u00e9sulte d\u2019une d\u00e9marche volontaire de remplissage d\u2019un formulaire mis \u00e0 votre disposition pour nous contacter.<\/p>\n\n\n\n<h4 class=\"wp-block-heading\" id=\"prise-de-decision-automatisee\"><strong>Prise de d\u00e9cision automatis\u00e9e<\/strong><\/h4>\n\n\n\n<p class=\"wp-block-paragraph\">Le traitement ne pr\u00e9voit pas de prise de d\u00e9cision automatis\u00e9e (<a href=\"https:\/\/www.cnil.fr\/fr\/reglement-europeen-protection-donnees\/chapitre3#Article22\" target=\"_blank\" rel=\"noreferrer noopener nofollow\">https:\/\/www.cnil.fr\/fr\/reglement-europeen-protection-donnees\/chapitre3#Article22<\/a>)<\/p>\n\n\n\n<h4 class=\"wp-block-heading\" id=\"personnes-concernees\"><strong>Personnes concern\u00e9es<\/strong><\/h4>\n\n\n\n<p class=\"wp-block-paragraph\">Internaute<\/p>\n\n\n\n<h4 class=\"wp-block-heading\" id=\"categories-de-destinataires\"><strong>Cat\u00e9gories de destinataires<\/strong><\/h4>\n\n\n\n<p class=\"wp-block-paragraph\">Sont destinataires des donn\u00e9es :<\/p>\n\n\n\n<ul class=\"wp-block-list\" value=\"<li class=&quot;wp-block-list-item&quot;&gt;le DPO de l\u2019Office Le Nord Guadeloupe<\/li&gt;<li class=&quot;wp-block-list-item&quot;&gt;La direction de L\u2019Office Le nord Guadeloupe ;<\/li&gt;<li class=&quot;wp-block-list-item&quot;&gt;le cas \u00e9ch\u00e9ant, les autres services de l\u2019Office Le Nord Guadeloupe concern\u00e9s.<\/li&gt;\"><li>le DPO de l\u2019Office Le Nord Guadeloupe<\/li><li>La direction de L\u2019Office Le nord Guadeloupe ;<\/li><li>le cas \u00e9ch\u00e9ant, les autres services de l\u2019Office Le Nord Guadeloupe concern\u00e9s.<\/li><\/ul>\n\n\n\n<p class=\"wp-block-paragraph\"><\/p>\n","protected":false},"excerpt":{"rendered":"Gestion du site https:\/\/www.lenordguadeloupe.com de l\u2019Office de Tourisme Intercommunal du Nord Grande Terre. Le Nord Guadeloupe. &nbsp; Donn\u00e9es trait\u00e9es Cat\u00e9gories de donn\u00e9es trait\u00e9es Donn\u00e9es visibles sur le site https:\/\/www.lenordguadeloupe.com &nbsp;: Nom et pr\u00e9nom via le formulaire de contact;Message associ\u00e9 \u00e0 notre formulaire de contact;Publications;Messages \u00e9chang\u00e9s suite au d\u00e9p\u00f4t de votre demande sur le formulaire de [&hellip;]","protected":false},"author":1,"featured_media":0,"parent":0,"menu_order":0,"comment_status":"closed","ping_status":"closed","template":"","meta":{"_acf_changed":false,"episode_type":"","audio_file":"","cover_image":"","cover_image_id":"","duration":"","filesize":"","filesize_raw":"","date_recorded":"","explicit":"","block":"","itunes_episode_number":"","itunes_title":"","itunes_season_number":"","itunes_episode_type":"","footnotes":""},"class_list":["post-81","page","type-page","status-publish","hentry"],"acf":[],"yoast_head":"<!-- This site is optimized with the Yoast SEO plugin v27.2 - https:\/\/yoast.com\/product\/yoast-seo-wordpress\/ -->\n<title>Privacy Policy (in french) - OT Nord Grande-Terre Guadeloupe<\/title>\n<meta name=\"robots\" content=\"index, follow, max-snippet:-1, max-image-preview:large, max-video-preview:-1\" \/>\n<link rel=\"canonical\" href=\"https:\/\/www.lenordguadeloupe.com\/en\/privacy-policy\/\" \/>\n<meta property=\"og:locale\" content=\"en_US\" \/>\n<meta property=\"og:type\" content=\"article\" \/>\n<meta property=\"og:title\" content=\"Privacy Policy (in french) - OT Nord Grande-Terre Guadeloupe\" \/>\n<meta property=\"og:description\" content=\"Gestion du site https:\/\/www.lenordguadeloupe.com de l\u2019Office de Tourisme Intercommunal du Nord Grande Terre. Le Nord Guadeloupe. &nbsp; Donn\u00e9es trait\u00e9es Cat\u00e9gories de donn\u00e9es trait\u00e9es Donn\u00e9es visibles sur le site https:\/\/www.lenordguadeloupe.com &nbsp;: Nom et pr\u00e9nom via le formulaire de contact;Message associ\u00e9 \u00e0 notre formulaire de contact;Publications;Messages \u00e9chang\u00e9s suite au d\u00e9p\u00f4t de votre demande sur le formulaire de [&hellip;]\" \/>\n<meta property=\"og:url\" content=\"https:\/\/www.lenordguadeloupe.com\/en\/privacy-policy\/\" \/>\n<meta property=\"og:site_name\" content=\"OT Nord Grande-Terre Guadeloupe\" \/>\n<meta property=\"article:publisher\" content=\"https:\/\/www.facebook.com\/LeNordGuadeloupe\/\" \/>\n<meta property=\"article:modified_time\" content=\"2022-02-20T10:50:18+00:00\" \/>\n<meta name=\"twitter:card\" content=\"summary_large_image\" \/>\n<meta name=\"twitter:label1\" content=\"Est. reading time\" \/>\n\t<meta name=\"twitter:data1\" content=\"1 minute\" \/>\n<script type=\"application\/ld+json\" class=\"yoast-schema-graph\">{\"@context\":\"https:\/\/schema.org\",\"@graph\":[{\"@type\":\"WebPage\",\"@id\":\"https:\/\/www.lenordguadeloupe.com\/en\/privacy-policy\/\",\"url\":\"https:\/\/www.lenordguadeloupe.com\/en\/privacy-policy\/\",\"name\":\"Privacy Policy (in french) - OT Nord Grande-Terre Guadeloupe\",\"isPartOf\":{\"@id\":\"https:\/\/www.lenordguadeloupe.com\/en\/#website\"},\"datePublished\":\"2020-11-09T09:41:47+00:00\",\"dateModified\":\"2022-02-20T10:50:18+00:00\",\"breadcrumb\":{\"@id\":\"https:\/\/www.lenordguadeloupe.com\/en\/privacy-policy\/#breadcrumb\"},\"inLanguage\":\"en-US\",\"potentialAction\":[{\"@type\":\"ReadAction\",\"target\":[\"https:\/\/www.lenordguadeloupe.com\/en\/privacy-policy\/\"]}]},{\"@type\":\"BreadcrumbList\",\"@id\":\"https:\/\/www.lenordguadeloupe.com\/en\/privacy-policy\/#breadcrumb\",\"itemListElement\":[{\"@type\":\"ListItem\",\"position\":1,\"name\":\"Home\",\"item\":\"https:\/\/www.lenordguadeloupe.com\/en\/\"},{\"@type\":\"ListItem\",\"position\":2,\"name\":\"Privacy Policy (in french)\"}]},{\"@type\":\"WebSite\",\"@id\":\"https:\/\/www.lenordguadeloupe.com\/en\/#website\",\"url\":\"https:\/\/www.lenordguadeloupe.com\/en\/\",\"name\":\"OT Nord Grande-Terre Guadeloupe\",\"description\":\"\",\"publisher\":{\"@id\":\"https:\/\/www.lenordguadeloupe.com\/en\/#organization\"},\"potentialAction\":[{\"@type\":\"SearchAction\",\"target\":{\"@type\":\"EntryPoint\",\"urlTemplate\":\"https:\/\/www.lenordguadeloupe.com\/en\/?s={search_term_string}\"},\"query-input\":{\"@type\":\"PropertyValueSpecification\",\"valueRequired\":true,\"valueName\":\"search_term_string\"}}],\"inLanguage\":\"en-US\"},{\"@type\":\"Organization\",\"@id\":\"https:\/\/www.lenordguadeloupe.com\/en\/#organization\",\"name\":\"OT Nord Grande-Terre Guadeloupe\",\"url\":\"https:\/\/www.lenordguadeloupe.com\/en\/\",\"logo\":{\"@type\":\"ImageObject\",\"inLanguage\":\"en-US\",\"@id\":\"https:\/\/www.lenordguadeloupe.com\/en\/#\/schema\/logo\/image\/\",\"url\":\"https:\/\/www.lenordguadeloupe.com\/wp-content\/uploads\/2021\/04\/nord-guadeloupe-logo.svg\",\"contentUrl\":\"https:\/\/www.lenordguadeloupe.com\/wp-content\/uploads\/2021\/04\/nord-guadeloupe-logo.svg\",\"width\":1,\"height\":1,\"caption\":\"OT Nord Grande-Terre Guadeloupe\"},\"image\":{\"@id\":\"https:\/\/www.lenordguadeloupe.com\/en\/#\/schema\/logo\/image\/\"},\"sameAs\":[\"https:\/\/www.facebook.com\/LeNordGuadeloupe\/\",\"https:\/\/www.instagram.com\/lenordguadeloupe\/\",\"https:\/\/www.tiktok.com\/@le.nord.guadeloupe\"]}]}<\/script>\n<!-- \/ Yoast SEO plugin. -->","yoast_head_json":{"title":"Privacy Policy (in french) - OT Nord Grande-Terre Guadeloupe","robots":{"index":"index","follow":"follow","max-snippet":"max-snippet:-1","max-image-preview":"max-image-preview:large","max-video-preview":"max-video-preview:-1"},"canonical":"https:\/\/www.lenordguadeloupe.com\/en\/privacy-policy\/","og_locale":"en_US","og_type":"article","og_title":"Privacy Policy (in french) - OT Nord Grande-Terre Guadeloupe","og_description":"Gestion du site https:\/\/www.lenordguadeloupe.com de l\u2019Office de Tourisme Intercommunal du Nord Grande Terre. Le Nord Guadeloupe. &nbsp; Donn\u00e9es trait\u00e9es Cat\u00e9gories de donn\u00e9es trait\u00e9es Donn\u00e9es visibles sur le site https:\/\/www.lenordguadeloupe.com &nbsp;: Nom et pr\u00e9nom via le formulaire de contact;Message associ\u00e9 \u00e0 notre formulaire de contact;Publications;Messages \u00e9chang\u00e9s suite au d\u00e9p\u00f4t de votre demande sur le formulaire de [&hellip;]","og_url":"https:\/\/www.lenordguadeloupe.com\/en\/privacy-policy\/","og_site_name":"OT Nord Grande-Terre Guadeloupe","article_publisher":"https:\/\/www.facebook.com\/LeNordGuadeloupe\/","article_modified_time":"2022-02-20T10:50:18+00:00","twitter_card":"summary_large_image","twitter_misc":{"Est. reading time":"1 minute"},"schema":{"@context":"https:\/\/schema.org","@graph":[{"@type":"WebPage","@id":"https:\/\/www.lenordguadeloupe.com\/en\/privacy-policy\/","url":"https:\/\/www.lenordguadeloupe.com\/en\/privacy-policy\/","name":"Privacy Policy (in french) - OT Nord Grande-Terre Guadeloupe","isPartOf":{"@id":"https:\/\/www.lenordguadeloupe.com\/en\/#website"},"datePublished":"2020-11-09T09:41:47+00:00","dateModified":"2022-02-20T10:50:18+00:00","breadcrumb":{"@id":"https:\/\/www.lenordguadeloupe.com\/en\/privacy-policy\/#breadcrumb"},"inLanguage":"en-US","potentialAction":[{"@type":"ReadAction","target":["https:\/\/www.lenordguadeloupe.com\/en\/privacy-policy\/"]}]},{"@type":"BreadcrumbList","@id":"https:\/\/www.lenordguadeloupe.com\/en\/privacy-policy\/#breadcrumb","itemListElement":[{"@type":"ListItem","position":1,"name":"Home","item":"https:\/\/www.lenordguadeloupe.com\/en\/"},{"@type":"ListItem","position":2,"name":"Privacy Policy (in french)"}]},{"@type":"WebSite","@id":"https:\/\/www.lenordguadeloupe.com\/en\/#website","url":"https:\/\/www.lenordguadeloupe.com\/en\/","name":"OT Nord Grande-Terre Guadeloupe","description":"","publisher":{"@id":"https:\/\/www.lenordguadeloupe.com\/en\/#organization"},"potentialAction":[{"@type":"SearchAction","target":{"@type":"EntryPoint","urlTemplate":"https:\/\/www.lenordguadeloupe.com\/en\/?s={search_term_string}"},"query-input":{"@type":"PropertyValueSpecification","valueRequired":true,"valueName":"search_term_string"}}],"inLanguage":"en-US"},{"@type":"Organization","@id":"https:\/\/www.lenordguadeloupe.com\/en\/#organization","name":"OT Nord Grande-Terre Guadeloupe","url":"https:\/\/www.lenordguadeloupe.com\/en\/","logo":{"@type":"ImageObject","inLanguage":"en-US","@id":"https:\/\/www.lenordguadeloupe.com\/en\/#\/schema\/logo\/image\/","url":"https:\/\/www.lenordguadeloupe.com\/wp-content\/uploads\/2021\/04\/nord-guadeloupe-logo.svg","contentUrl":"https:\/\/www.lenordguadeloupe.com\/wp-content\/uploads\/2021\/04\/nord-guadeloupe-logo.svg","width":1,"height":1,"caption":"OT Nord Grande-Terre Guadeloupe"},"image":{"@id":"https:\/\/www.lenordguadeloupe.com\/en\/#\/schema\/logo\/image\/"},"sameAs":["https:\/\/www.facebook.com\/LeNordGuadeloupe\/","https:\/\/www.instagram.com\/lenordguadeloupe\/","https:\/\/www.tiktok.com\/@le.nord.guadeloupe"]}]}},"_links":{"self":[{"href":"https:\/\/www.lenordguadeloupe.com\/en\/wp-json\/wp\/v2\/pages\/81","targetHints":{"allow":["GET"]}}],"collection":[{"href":"https:\/\/www.lenordguadeloupe.com\/en\/wp-json\/wp\/v2\/pages"}],"about":[{"href":"https:\/\/www.lenordguadeloupe.com\/en\/wp-json\/wp\/v2\/types\/page"}],"author":[{"embeddable":true,"href":"https:\/\/www.lenordguadeloupe.com\/en\/wp-json\/wp\/v2\/users\/1"}],"replies":[{"embeddable":true,"href":"https:\/\/www.lenordguadeloupe.com\/en\/wp-json\/wp\/v2\/comments?post=81"}],"version-history":[{"count":2,"href":"https:\/\/www.lenordguadeloupe.com\/en\/wp-json\/wp\/v2\/pages\/81\/revisions"}],"predecessor-version":[{"id":5358,"href":"https:\/\/www.lenordguadeloupe.com\/en\/wp-json\/wp\/v2\/pages\/81\/revisions\/5358"}],"wp:attachment":[{"href":"https:\/\/www.lenordguadeloupe.com\/en\/wp-json\/wp\/v2\/media?parent=81"}],"curies":[{"name":"wp","href":"https:\/\/api.w.org\/{rel}","templated":true}]}}